{"id":782,"date":"2022-09-08T23:34:38","date_gmt":"2022-09-08T21:34:38","guid":{"rendered":"https:\/\/www.bellingo.de\/blog\/?page_id=782"},"modified":"2022-09-11T00:07:52","modified_gmt":"2022-09-10T22:07:52","slug":"network-traders-datenschutzerklaerung","status":"publish","type":"page","link":"https:\/\/www.bellingo.de\/blog\/network-traders-datenschutzerklaerung\/","title":{"rendered":"Network Traders &#8211; Datenschutzerkl\u00e4rung"},"content":{"rendered":"\n<p>Diese Datenschutzerkl\u00e4rung wurde zuletzt am 10.9.2022 aktualisiert.<\/p>\n\n\n\n<p>Network Traders ist ein Mobile Game, das ich zwar in meiner Freizeit und als Hobby entwickle, aber auch vermarkte. Daher ist es mir sehr wichtig, dass Du, als Nutzer meiner App, \u00fcber die Erhebung und Verwendung Deiner Daten informiert bist.<\/p>\n\n\n\n<h3 class=\"wp-block-heading\">Kontaktdaten des Verantwortlichen<\/h3>\n\n\n\n<p>Verantwortlicher im Sinne der EU-Datenschutz-Grundverordnung (DS-GVO) und anderer nationaler Datenschutzgesetze sowie sonstiger datenschutzrechtlicher Bestimmungen ist<\/p>\n\n\n\n<p>Games Vineyard Videospiele Ingo Scholz<br>Luise-Giese-Str. 3<br>93055 Regensburg<br>E-Mail: network-traders@gamesvineyard.de<\/p>\n\n\n\n<h3 class=\"wp-block-heading\">Speicherung und Verarbeitung von Spieldaten<\/h3>\n\n\n\n<p>Network Traders basiert auf der Interaktion von SpielerInnen untereinander. Um dies zu erm\u00f6glichen, werden Daten f\u00fcr das Spiel (Spieldaten) auf einem zentralen Server (Spielserver) gespeichert und verarbeitet. Dabei achte ich darauf, m\u00f6glichst sparsam mit den Daten umzugehen, die f\u00fcr das Spiel erhoben werden. Es werden also keine pers\u00f6nlichen Daten erfasst, jedoch manche Daten, die eine gewisse R\u00fcckverfolgung erlauben k\u00f6nnten. Diese sind folgende:<\/p>\n\n\n\n<ul class=\"wp-block-list\"><li>Zeitpunkt des ersten und letzten Logins.<\/li><li>Name der Stadt des Spielers, wobei dieser nicht eindeutig ist.<\/li><li>Eindeutige, aber anonyme ID des Spielers.<\/li><li>Aufenthalt (= ID eines anderen Spielers) der H\u00e4ndler eines Spielers sowie deren Route (= IDs besuchter Spieler) zu diesem Spieler.<\/li><li>Letzter Handelszeitpunkt jedes H\u00e4ndlers.<\/li><\/ul>\n\n\n\n<p>Es werden keine Daten wie Namen, E-Mail-Adressen, IP-Adressen oder Standortdaten der Spieler gespeichert. F\u00fcr Statistikzwecke k\u00f6nnen IP-Adressen in Standortdaten umgewandelt und aggregiert werden, wobei dies anonymisiert erfolgt.<\/p>\n\n\n\n<h3 class=\"wp-block-heading\">Zugriffsrechte<\/h3>\n\n\n\n<p>Network Traders ben\u00f6tigt als besonderes Zugriffsrecht auf Dein Ger\u00e4t Deinen genauen Standort. Das h\u00e4ngt damit zusammen, dass f\u00fcr das Auffinden von anderen SpielerInnen in Deiner N\u00e4he, mit denen Du dann handeln kannst, Bluetooth verwendet wird. Das sog. Bluetooth Low Energy (BLE), das hier zum Einsatz kommt, wird auch f\u00fcr sog. &#8222;Beacons&#8220; verwendet, also Ger\u00e4te, die dar\u00fcber ihren Standort bekannt machen. Diese (relativen) Standortdaten werden allerdings nicht an den zentralen Spielserver \u00fcbertragen und auch nicht an andere Ger\u00e4te. Sie verbleiben also ausschlie\u00dflich bei Dir.<\/p>\n\n\n\n<p>Dar\u00fcber hinaus verwendet Network Traders die Internetverbindung, um Spieldaten zu erheben und an den Spielserver \u00fcbertragen zu k\u00f6nnen. Allgemeine Zugriffsrechte auf Bluetooth sind notwendig, um BLE nutzen zu k\u00f6nnen.<\/p>\n\n\n\n<h3 class=\"wp-block-heading\">Weitergabe an Dritte<\/h3>\n\n\n\n<p>Deine Spieldaten werden nicht an Dritte weitergegeben. Zusammengefasste (aggregierte) Daten der Gesamtheit der SpielerInnen von Network Traders verwende ich m\u00f6glicherweise in Artikeln in meinem <a href=\"https:\/\/www.bellingo.de\/blog\/\">Blog<\/a>.<\/p>\n\n\n\n<p>Zur Weitergabe von Daten, die durch Unity erhoben werden, lies Dir bitte den folgenden Abschnitt sowie die <a href=\"https:\/\/unity.com\/legal\/privacy-policy\" target=\"_blank\" rel=\"noreferrer noopener\">Datenschutzerkl\u00e4rung von Unity<\/a> durch.<\/p>\n\n\n\n<h3 class=\"wp-block-heading\" id=\"Unity\">Datenspeicherung durch Unity<\/h3>\n\n\n\n<p>Network Traders wurde mit Unity entwickelt und verwendet Unity Ads, um Werbung im Spiel anzuzeigen. Dadurch werden weitere Daten an Unity Technologies, 30 3rd Street, San Francisco, CA 94103, \u00fcbertragen. Zu diesen Daten z\u00e4hlen die eindeutige Ger\u00e4tekennungen (z.B. IDFV f\u00fcr iOS-Ger\u00e4te und Android-ID f\u00fcr Android-Ger\u00e4te), IP-Adresse, Installationsland, Informationen zum Hersteller des Ger\u00e4tes und des verwendeten Betriebssystems, Informationen zur Hardware, eindeutige Werbe-Identifikatoren f\u00fcr iOS- und Android-Ger\u00e4te (z.B. IDFA oder Android Ad ID), etc. F\u00fcr eine detaillierte Auflistung der Daten und wie Du sie ggf. l\u00f6schen kannst werfe bitte einen Blick in die <a href=\"https:\/\/unity.com\/legal\/privacy-policy\" target=\"_blank\" rel=\"noreferrer noopener\">Datenschutzerkl\u00e4rung von Unity<\/a>. <\/p>\n\n\n\n<p>Wird im Spiel zum ersten Mal Werbung angezeigt, so wirst Du ebenfalls dar\u00fcber informiert, wie Du das Erheben von Daten einschr\u00e4nken kannst und Dir Deine Daten anzeigen lassen kannst.<\/p>\n\n\n\n<h3 class=\"wp-block-heading\">Deine Rechte<\/h3>\n\n\n\n<p>Hinsichtlich der Spieldaten hast Du die in <a href=\"https:\/\/dsgvo-gesetz.de\/kapitel-3\/\" target=\"_blank\" rel=\"noreferrer noopener nofollow\">Kapitel 3 der DSGVO<\/a> dargelegten Rechte. Insbesondere kannst Du einen Antrag auf Auskunft \u00fcber die von Dir gespeicherten personenbezogenen Daten stellen, sowie deren L\u00f6schung verlangen. Schicke mir dazu eine E-Mail an die oben angegebene Adresse.<\/p>\n\n\n\n<p>Hinsichtlich Berichtigung und Einschr\u00e4nkung der Verarbeitung m\u00f6chte ich darauf hinweisen, dass dies bei den notwendigen Spieldaten nicht sinnvoll ist und einer L\u00f6schung der Daten gleichzusetzen w\u00e4re.<\/p>\n","protected":false},"excerpt":{"rendered":"<p>Diese Datenschutzerkl\u00e4rung wurde zuletzt am 10.9.2022 aktualisiert. Network Traders ist ein Mobile Game, das ich zwar in meiner Freizeit und als Hobby entwickle, aber auch vermarkte. Daher ist es mir sehr wichtig, dass Du, als Nutzer meiner App, \u00fcber die Erhebung und Verwendung Deiner Daten informiert bist. Kontaktdaten des Verantwortlichen Verantwortlicher im Sinne der EU-Datenschutz-Grundverordnung &hellip; <a href=\"https:\/\/www.bellingo.de\/blog\/network-traders-datenschutzerklaerung\/\" class=\"more-link\"><span class=\"screen-reader-text\">Network Traders &#8211; Datenschutzerkl\u00e4rung<\/span> weiterlesen<\/a><\/p>\n","protected":false},"author":1,"featured_media":0,"parent":0,"menu_order":0,"comment_status":"closed","ping_status":"closed","template":"","meta":{"footnotes":""},"class_list":["post-782","page","type-page","status-publish","hentry"],"yoast_head":"<!-- This site is optimized with the Yoast SEO plugin v25.8 - https:\/\/yoast.com\/wordpress\/plugins\/seo\/ -->\n<title>Network Traders - Datenschutzerkl\u00e4rung - Games:Tech:Blog<\/title>\n<meta name=\"robots\" content=\"index, follow, max-snippet:-1, max-image-preview:large, max-video-preview:-1\" \/>\n<link rel=\"canonical\" href=\"https:\/\/www.bellingo.de\/blog\/network-traders-datenschutzerklaerung\/\" \/>\n<meta property=\"og:locale\" content=\"de_DE\" \/>\n<meta property=\"og:type\" content=\"article\" \/>\n<meta property=\"og:title\" content=\"Network Traders - Datenschutzerkl\u00e4rung - Games:Tech:Blog\" \/>\n<meta property=\"og:description\" content=\"Diese Datenschutzerkl\u00e4rung wurde zuletzt am 10.9.2022 aktualisiert. Network Traders ist ein Mobile Game, das ich zwar in meiner Freizeit und als Hobby entwickle, aber auch vermarkte. Daher ist es mir sehr wichtig, dass Du, als Nutzer meiner App, \u00fcber die Erhebung und Verwendung Deiner Daten informiert bist. Kontaktdaten des Verantwortlichen Verantwortlicher im Sinne der EU-Datenschutz-Grundverordnung &hellip; Network Traders &#8211; Datenschutzerkl\u00e4rung weiterlesen\" \/>\n<meta property=\"og:url\" content=\"https:\/\/www.bellingo.de\/blog\/network-traders-datenschutzerklaerung\/\" \/>\n<meta property=\"og:site_name\" content=\"Games:Tech:Blog\" \/>\n<meta property=\"article:modified_time\" content=\"2022-09-10T22:07:52+00:00\" \/>\n<meta name=\"twitter:card\" content=\"summary_large_image\" \/>\n<meta name=\"twitter:label1\" content=\"Gesch\u00e4tzte Lesezeit\" \/>\n\t<meta name=\"twitter:data1\" content=\"4\u00a0Minuten\" \/>\n<script type=\"application\/ld+json\" class=\"yoast-schema-graph\">{\"@context\":\"https:\/\/schema.org\",\"@graph\":[{\"@type\":\"WebPage\",\"@id\":\"https:\/\/www.bellingo.de\/blog\/network-traders-datenschutzerklaerung\/\",\"url\":\"https:\/\/www.bellingo.de\/blog\/network-traders-datenschutzerklaerung\/\",\"name\":\"Network Traders - Datenschutzerkl\u00e4rung - Games:Tech:Blog\",\"isPartOf\":{\"@id\":\"https:\/\/www.bellingo.de\/blog\/#website\"},\"datePublished\":\"2022-09-08T21:34:38+00:00\",\"dateModified\":\"2022-09-10T22:07:52+00:00\",\"breadcrumb\":{\"@id\":\"https:\/\/www.bellingo.de\/blog\/network-traders-datenschutzerklaerung\/#breadcrumb\"},\"inLanguage\":\"de\",\"potentialAction\":[{\"@type\":\"ReadAction\",\"target\":[\"https:\/\/www.bellingo.de\/blog\/network-traders-datenschutzerklaerung\/\"]}]},{\"@type\":\"BreadcrumbList\",\"@id\":\"https:\/\/www.bellingo.de\/blog\/network-traders-datenschutzerklaerung\/#breadcrumb\",\"itemListElement\":[{\"@type\":\"ListItem\",\"position\":1,\"name\":\"Home\",\"item\":\"https:\/\/www.bellingo.de\/blog\/\"},{\"@type\":\"ListItem\",\"position\":2,\"name\":\"Network Traders &#8211; Datenschutzerkl\u00e4rung\"}]},{\"@type\":\"WebSite\",\"@id\":\"https:\/\/www.bellingo.de\/blog\/#website\",\"url\":\"https:\/\/www.bellingo.de\/blog\/\",\"name\":\"Games:Tech:Blog\",\"description\":\"A Blog about Games, Technology in Games, and Technology in General\",\"publisher\":{\"@id\":\"https:\/\/www.bellingo.de\/blog\/#\/schema\/person\/82498f8ac21d11f5948cab6d0a9807e9\"},\"potentialAction\":[{\"@type\":\"SearchAction\",\"target\":{\"@type\":\"EntryPoint\",\"urlTemplate\":\"https:\/\/www.bellingo.de\/blog\/?s={search_term_string}\"},\"query-input\":{\"@type\":\"PropertyValueSpecification\",\"valueRequired\":true,\"valueName\":\"search_term_string\"}}],\"inLanguage\":\"de\"},{\"@type\":[\"Person\",\"Organization\"],\"@id\":\"https:\/\/www.bellingo.de\/blog\/#\/schema\/person\/82498f8ac21d11f5948cab6d0a9807e9\",\"name\":\"Ingo\",\"image\":{\"@type\":\"ImageObject\",\"inLanguage\":\"de\",\"@id\":\"https:\/\/www.bellingo.de\/blog\/#\/schema\/person\/image\/\",\"url\":\"https:\/\/secure.gravatar.com\/avatar\/93a4b9881ee1983f4fafc7e996ce82a42c3a1540c18f7417809c08a19658f167?s=96&d=mm&r=g\",\"contentUrl\":\"https:\/\/secure.gravatar.com\/avatar\/93a4b9881ee1983f4fafc7e996ce82a42c3a1540c18f7417809c08a19658f167?s=96&d=mm&r=g\",\"caption\":\"Ingo\"},\"logo\":{\"@id\":\"https:\/\/www.bellingo.de\/blog\/#\/schema\/person\/image\/\"}}]}<\/script>\n<!-- \/ Yoast SEO plugin. -->","yoast_head_json":{"title":"Network Traders - Datenschutzerkl\u00e4rung - Games:Tech:Blog","robots":{"index":"index","follow":"follow","max-snippet":"max-snippet:-1","max-image-preview":"max-image-preview:large","max-video-preview":"max-video-preview:-1"},"canonical":"https:\/\/www.bellingo.de\/blog\/network-traders-datenschutzerklaerung\/","og_locale":"de_DE","og_type":"article","og_title":"Network Traders - Datenschutzerkl\u00e4rung - Games:Tech:Blog","og_description":"Diese Datenschutzerkl\u00e4rung wurde zuletzt am 10.9.2022 aktualisiert. Network Traders ist ein Mobile Game, das ich zwar in meiner Freizeit und als Hobby entwickle, aber auch vermarkte. Daher ist es mir sehr wichtig, dass Du, als Nutzer meiner App, \u00fcber die Erhebung und Verwendung Deiner Daten informiert bist. Kontaktdaten des Verantwortlichen Verantwortlicher im Sinne der EU-Datenschutz-Grundverordnung &hellip; Network Traders &#8211; Datenschutzerkl\u00e4rung weiterlesen","og_url":"https:\/\/www.bellingo.de\/blog\/network-traders-datenschutzerklaerung\/","og_site_name":"Games:Tech:Blog","article_modified_time":"2022-09-10T22:07:52+00:00","twitter_card":"summary_large_image","twitter_misc":{"Gesch\u00e4tzte Lesezeit":"4\u00a0Minuten"},"schema":{"@context":"https:\/\/schema.org","@graph":[{"@type":"WebPage","@id":"https:\/\/www.bellingo.de\/blog\/network-traders-datenschutzerklaerung\/","url":"https:\/\/www.bellingo.de\/blog\/network-traders-datenschutzerklaerung\/","name":"Network Traders - Datenschutzerkl\u00e4rung - Games:Tech:Blog","isPartOf":{"@id":"https:\/\/www.bellingo.de\/blog\/#website"},"datePublished":"2022-09-08T21:34:38+00:00","dateModified":"2022-09-10T22:07:52+00:00","breadcrumb":{"@id":"https:\/\/www.bellingo.de\/blog\/network-traders-datenschutzerklaerung\/#breadcrumb"},"inLanguage":"de","potentialAction":[{"@type":"ReadAction","target":["https:\/\/www.bellingo.de\/blog\/network-traders-datenschutzerklaerung\/"]}]},{"@type":"BreadcrumbList","@id":"https:\/\/www.bellingo.de\/blog\/network-traders-datenschutzerklaerung\/#breadcrumb","itemListElement":[{"@type":"ListItem","position":1,"name":"Home","item":"https:\/\/www.bellingo.de\/blog\/"},{"@type":"ListItem","position":2,"name":"Network Traders &#8211; Datenschutzerkl\u00e4rung"}]},{"@type":"WebSite","@id":"https:\/\/www.bellingo.de\/blog\/#website","url":"https:\/\/www.bellingo.de\/blog\/","name":"Games:Tech:Blog","description":"A Blog about Games, Technology in Games, and Technology in General","publisher":{"@id":"https:\/\/www.bellingo.de\/blog\/#\/schema\/person\/82498f8ac21d11f5948cab6d0a9807e9"},"potentialAction":[{"@type":"SearchAction","target":{"@type":"EntryPoint","urlTemplate":"https:\/\/www.bellingo.de\/blog\/?s={search_term_string}"},"query-input":{"@type":"PropertyValueSpecification","valueRequired":true,"valueName":"search_term_string"}}],"inLanguage":"de"},{"@type":["Person","Organization"],"@id":"https:\/\/www.bellingo.de\/blog\/#\/schema\/person\/82498f8ac21d11f5948cab6d0a9807e9","name":"Ingo","image":{"@type":"ImageObject","inLanguage":"de","@id":"https:\/\/www.bellingo.de\/blog\/#\/schema\/person\/image\/","url":"https:\/\/secure.gravatar.com\/avatar\/93a4b9881ee1983f4fafc7e996ce82a42c3a1540c18f7417809c08a19658f167?s=96&d=mm&r=g","contentUrl":"https:\/\/secure.gravatar.com\/avatar\/93a4b9881ee1983f4fafc7e996ce82a42c3a1540c18f7417809c08a19658f167?s=96&d=mm&r=g","caption":"Ingo"},"logo":{"@id":"https:\/\/www.bellingo.de\/blog\/#\/schema\/person\/image\/"}}]}},"_links":{"self":[{"href":"https:\/\/www.bellingo.de\/blog\/wp-json\/wp\/v2\/pages\/782","targetHints":{"allow":["GET"]}}],"collection":[{"href":"https:\/\/www.bellingo.de\/blog\/wp-json\/wp\/v2\/pages"}],"about":[{"href":"https:\/\/www.bellingo.de\/blog\/wp-json\/wp\/v2\/types\/page"}],"author":[{"embeddable":true,"href":"https:\/\/www.bellingo.de\/blog\/wp-json\/wp\/v2\/users\/1"}],"replies":[{"embeddable":true,"href":"https:\/\/www.bellingo.de\/blog\/wp-json\/wp\/v2\/comments?post=782"}],"version-history":[{"count":11,"href":"https:\/\/www.bellingo.de\/blog\/wp-json\/wp\/v2\/pages\/782\/revisions"}],"predecessor-version":[{"id":822,"href":"https:\/\/www.bellingo.de\/blog\/wp-json\/wp\/v2\/pages\/782\/revisions\/822"}],"wp:attachment":[{"href":"https:\/\/www.bellingo.de\/blog\/wp-json\/wp\/v2\/media?parent=782"}],"curies":[{"name":"wp","href":"https:\/\/api.w.org\/{rel}","templated":true}]}}