{"id":917,"date":"2023-02-07T23:12:03","date_gmt":"2023-02-07T22:12:03","guid":{"rendered":"https:\/\/www.bellingo.de\/blog\/?page_id=917"},"modified":"2023-02-07T23:12:03","modified_gmt":"2023-02-07T22:12:03","slug":"app-berechtigungen-fuer-network-traders","status":"publish","type":"page","link":"https:\/\/www.bellingo.de\/blog\/app-berechtigungen-fuer-network-traders\/","title":{"rendered":"App-Berechtigungen f\u00fcr Network Traders"},"content":{"rendered":"\n<p><a href=\"https:\/\/www.bellingo.de\/blog\/devblog-the-idea-behind-network-traders\/\" target=\"_blank\" rel=\"noreferrer noopener\">Network Traders<\/a> ben\u00f6tigt spezielle Berechtigungen um Dein Mobilger\u00e4t mit dem einer anderen Spielerin mittels <a href=\"https:\/\/de.wikipedia.org\/wiki\/Bluetooth_Low_Energy\" target=\"_blank\" rel=\"noreferrer noopener\">Bluetooth Low Energy<\/a> (BLE) zu verbinden. Mit der Einf\u00fchrung von Android 12 und sp\u00e4teren Versionen m\u00fcssen nun zwei Berechtigungen erteilt werden: <em>Standort<\/em> and <em>Ger\u00e4te in der N\u00e4he<\/em>. Die Anfrage f\u00fcr die Berechtigungen in Network Traders sieht folgenderma\u00dfen aus:<\/p>\n\n\n\n<div class=\"wp-block-group is-content-justification-center is-nowrap is-layout-flex wp-container-core-group-is-layout-94bc23d7 wp-block-group-is-layout-flex\">\n<figure class=\"wp-block-image size-large is-resized is-style-default\"><a href=\"https:\/\/www.bellingo.de\/blog\/wp-content\/uploads\/2023\/02\/Permissions-Connection_de.png\"><img loading=\"lazy\" decoding=\"async\" src=\"https:\/\/www.bellingo.de\/blog\/wp-content\/uploads\/2023\/02\/Permissions-Connection_de-461x1024.png\" alt=\"Erteilen der Berechtigung f\u00fcr den Ger\u00e4testandort\" class=\"wp-image-918\" width=\"115\" height=\"256\" srcset=\"https:\/\/www.bellingo.de\/blog\/wp-content\/uploads\/2023\/02\/Permissions-Connection_de-461x1024.png 461w, https:\/\/www.bellingo.de\/blog\/wp-content\/uploads\/2023\/02\/Permissions-Connection_de-135x300.png 135w, https:\/\/www.bellingo.de\/blog\/wp-content\/uploads\/2023\/02\/Permissions-Connection_de-768x1707.png 768w, https:\/\/www.bellingo.de\/blog\/wp-content\/uploads\/2023\/02\/Permissions-Connection_de-691x1536.png 691w, https:\/\/www.bellingo.de\/blog\/wp-content\/uploads\/2023\/02\/Permissions-Connection_de-922x2048.png 922w, https:\/\/www.bellingo.de\/blog\/wp-content\/uploads\/2023\/02\/Permissions-Connection_de.png 1080w\" sizes=\"auto, (max-width: 115px) 100vw, 115px\" \/><\/a><\/figure>\n\n\n\n<figure class=\"wp-block-image size-large is-resized is-style-default\"><a href=\"https:\/\/www.bellingo.de\/blog\/wp-content\/uploads\/2023\/02\/Permissions-Location_de.png\"><img loading=\"lazy\" decoding=\"async\" src=\"https:\/\/www.bellingo.de\/blog\/wp-content\/uploads\/2023\/02\/Permissions-Location_de-461x1024.png\" alt=\"Erteilen der Berechtigung f\u00fcr Ger\u00e4te in der N\u00e4he\" class=\"wp-image-919\" width=\"115\" height=\"256\" srcset=\"https:\/\/www.bellingo.de\/blog\/wp-content\/uploads\/2023\/02\/Permissions-Location_de-461x1024.png 461w, https:\/\/www.bellingo.de\/blog\/wp-content\/uploads\/2023\/02\/Permissions-Location_de-135x300.png 135w, https:\/\/www.bellingo.de\/blog\/wp-content\/uploads\/2023\/02\/Permissions-Location_de-768x1707.png 768w, https:\/\/www.bellingo.de\/blog\/wp-content\/uploads\/2023\/02\/Permissions-Location_de-691x1536.png 691w, https:\/\/www.bellingo.de\/blog\/wp-content\/uploads\/2023\/02\/Permissions-Location_de-922x2048.png 922w, https:\/\/www.bellingo.de\/blog\/wp-content\/uploads\/2023\/02\/Permissions-Location_de.png 1080w\" sizes=\"auto, (max-width: 115px) 100vw, 115px\" \/><\/a><\/figure>\n<\/div>\n\n\n\n<p>Falls Du diese Berechtigungen nicht erteilst wirst Du nicht in der Lage sein andere Spielerinnen zu sehen oder mit ihnen zu handeln. Normalerweise sollte Network Traders die Berechtigungen erneut anfragen wenn Du die App neu startest. Sollte das nicht der Fall sein kannst Du die Berechtigungen auch sp\u00e4ter in den Einstellungen Deines Ger\u00e4tes gew\u00e4hren.<\/p>\n\n\n\n<div class=\"wp-block-group is-content-justification-center is-nowrap is-layout-flex wp-container-core-group-is-layout-94bc23d7 wp-block-group-is-layout-flex\">\n<figure class=\"wp-block-image size-large is-resized is-style-default\"><a href=\"https:\/\/www.bellingo.de\/blog\/wp-content\/uploads\/2023\/02\/Permissions-Settings-1_de.png\"><img loading=\"lazy\" decoding=\"async\" src=\"https:\/\/www.bellingo.de\/blog\/wp-content\/uploads\/2023\/02\/Permissions-Settings-1_de-461x1024.png\" alt=\"Einstellungen unter Android 12\" class=\"wp-image-920\" width=\"115\" height=\"256\" srcset=\"https:\/\/www.bellingo.de\/blog\/wp-content\/uploads\/2023\/02\/Permissions-Settings-1_de-461x1024.png 461w, https:\/\/www.bellingo.de\/blog\/wp-content\/uploads\/2023\/02\/Permissions-Settings-1_de-135x300.png 135w, https:\/\/www.bellingo.de\/blog\/wp-content\/uploads\/2023\/02\/Permissions-Settings-1_de-768x1707.png 768w, https:\/\/www.bellingo.de\/blog\/wp-content\/uploads\/2023\/02\/Permissions-Settings-1_de-691x1536.png 691w, https:\/\/www.bellingo.de\/blog\/wp-content\/uploads\/2023\/02\/Permissions-Settings-1_de-922x2048.png 922w, https:\/\/www.bellingo.de\/blog\/wp-content\/uploads\/2023\/02\/Permissions-Settings-1_de.png 1080w\" sizes=\"auto, (max-width: 115px) 100vw, 115px\" \/><\/a><\/figure>\n\n\n\n<figure class=\"wp-block-image size-large is-resized is-style-default\"><a href=\"https:\/\/www.bellingo.de\/blog\/wp-content\/uploads\/2023\/02\/Permissions-Settings-2_en-1.png\"><img loading=\"lazy\" decoding=\"async\" src=\"https:\/\/www.bellingo.de\/blog\/wp-content\/uploads\/2023\/02\/Permissions-Settings-2_en-1-461x1024.png\" alt=\"Einstellungen f\u00fcr Apps\" class=\"wp-image-921\" width=\"115\" height=\"256\" srcset=\"https:\/\/www.bellingo.de\/blog\/wp-content\/uploads\/2023\/02\/Permissions-Settings-2_en-1-461x1024.png 461w, https:\/\/www.bellingo.de\/blog\/wp-content\/uploads\/2023\/02\/Permissions-Settings-2_en-1-135x300.png 135w, https:\/\/www.bellingo.de\/blog\/wp-content\/uploads\/2023\/02\/Permissions-Settings-2_en-1-768x1707.png 768w, https:\/\/www.bellingo.de\/blog\/wp-content\/uploads\/2023\/02\/Permissions-Settings-2_en-1-691x1536.png 691w, https:\/\/www.bellingo.de\/blog\/wp-content\/uploads\/2023\/02\/Permissions-Settings-2_en-1-922x2048.png 922w, https:\/\/www.bellingo.de\/blog\/wp-content\/uploads\/2023\/02\/Permissions-Settings-2_en-1.png 1080w\" sizes=\"auto, (max-width: 115px) 100vw, 115px\" \/><\/a><\/figure>\n\n\n\n<figure class=\"wp-block-image size-large is-resized is-style-default\"><a href=\"https:\/\/www.bellingo.de\/blog\/wp-content\/uploads\/2023\/02\/Permissions-Settings-3_en-1.png\"><img loading=\"lazy\" decoding=\"async\" src=\"https:\/\/www.bellingo.de\/blog\/wp-content\/uploads\/2023\/02\/Permissions-Settings-3_en-1-461x1024.png\" alt=\"App-Info-Bildschirm f\u00fcr Network Traders\" class=\"wp-image-922\" width=\"115\" height=\"256\" srcset=\"https:\/\/www.bellingo.de\/blog\/wp-content\/uploads\/2023\/02\/Permissions-Settings-3_en-1-461x1024.png 461w, https:\/\/www.bellingo.de\/blog\/wp-content\/uploads\/2023\/02\/Permissions-Settings-3_en-1-135x300.png 135w, https:\/\/www.bellingo.de\/blog\/wp-content\/uploads\/2023\/02\/Permissions-Settings-3_en-1-768x1707.png 768w, https:\/\/www.bellingo.de\/blog\/wp-content\/uploads\/2023\/02\/Permissions-Settings-3_en-1-691x1536.png 691w, https:\/\/www.bellingo.de\/blog\/wp-content\/uploads\/2023\/02\/Permissions-Settings-3_en-1-922x2048.png 922w, https:\/\/www.bellingo.de\/blog\/wp-content\/uploads\/2023\/02\/Permissions-Settings-3_en-1.png 1080w\" sizes=\"auto, (max-width: 115px) 100vw, 115px\" \/><\/a><\/figure>\n\n\n\n<figure class=\"wp-block-image size-large is-resized is-style-default\"><a href=\"https:\/\/www.bellingo.de\/blog\/wp-content\/uploads\/2023\/02\/Permissions-Settings-4_de.png\"><img loading=\"lazy\" decoding=\"async\" src=\"https:\/\/www.bellingo.de\/blog\/wp-content\/uploads\/2023\/02\/Permissions-Settings-4_de-461x1024.png\" alt=\"\u00dcbersicht der App-Berechtigungen f\u00fcr Network Traders\" class=\"wp-image-923\" width=\"115\" height=\"256\" srcset=\"https:\/\/www.bellingo.de\/blog\/wp-content\/uploads\/2023\/02\/Permissions-Settings-4_de-461x1024.png 461w, https:\/\/www.bellingo.de\/blog\/wp-content\/uploads\/2023\/02\/Permissions-Settings-4_de-135x300.png 135w, https:\/\/www.bellingo.de\/blog\/wp-content\/uploads\/2023\/02\/Permissions-Settings-4_de-768x1707.png 768w, https:\/\/www.bellingo.de\/blog\/wp-content\/uploads\/2023\/02\/Permissions-Settings-4_de-691x1536.png 691w, https:\/\/www.bellingo.de\/blog\/wp-content\/uploads\/2023\/02\/Permissions-Settings-4_de-922x2048.png 922w, https:\/\/www.bellingo.de\/blog\/wp-content\/uploads\/2023\/02\/Permissions-Settings-4_de.png 1080w\" sizes=\"auto, (max-width: 115px) 100vw, 115px\" \/><\/a><\/figure>\n\n\n\n<figure class=\"wp-block-image size-large is-resized is-style-default\"><a href=\"https:\/\/www.bellingo.de\/blog\/wp-content\/uploads\/2023\/02\/Permissions-Settings-5_en-1.png\"><img loading=\"lazy\" decoding=\"async\" src=\"https:\/\/www.bellingo.de\/blog\/wp-content\/uploads\/2023\/02\/Permissions-Settings-5_en-1-461x1024.png\" alt=\"Berechtigung f\u00fcr Ger\u00e4te in der N\u00e4he erteilen\" class=\"wp-image-924\" width=\"115\" height=\"256\" srcset=\"https:\/\/www.bellingo.de\/blog\/wp-content\/uploads\/2023\/02\/Permissions-Settings-5_en-1-461x1024.png 461w, https:\/\/www.bellingo.de\/blog\/wp-content\/uploads\/2023\/02\/Permissions-Settings-5_en-1-135x300.png 135w, https:\/\/www.bellingo.de\/blog\/wp-content\/uploads\/2023\/02\/Permissions-Settings-5_en-1-768x1707.png 768w, https:\/\/www.bellingo.de\/blog\/wp-content\/uploads\/2023\/02\/Permissions-Settings-5_en-1-691x1536.png 691w, https:\/\/www.bellingo.de\/blog\/wp-content\/uploads\/2023\/02\/Permissions-Settings-5_en-1-922x2048.png 922w, https:\/\/www.bellingo.de\/blog\/wp-content\/uploads\/2023\/02\/Permissions-Settings-5_en-1.png 1080w\" sizes=\"auto, (max-width: 115px) 100vw, 115px\" \/><\/a><\/figure>\n<\/div>\n\n\n\n<p>Die notwendigen Berechtigungen k\u00f6nnen sich davon unterscheiden falls Dein Ger\u00e4t eine \u00e4ltere Version als Android 12 verwendet. Falls die Erteilung dieser Berechtigungen nicht ausreicht, stelle bitte sicher, dass die Bluetooth- und Netzwerkverbindungen Deines Ger\u00e4ts aktiviert sind.<\/p>\n\n\n\n<p>Viel Spa\u00df beim Spielen von Network Traders!<\/p>\n","protected":false},"excerpt":{"rendered":"<p>Network Traders ben\u00f6tigt spezielle Berechtigungen um Dein Mobilger\u00e4t mit dem einer anderen Spielerin mittels Bluetooth Low Energy (BLE) zu verbinden. Mit der Einf\u00fchrung von Android 12 und sp\u00e4teren Versionen m\u00fcssen nun zwei Berechtigungen erteilt werden: Standort and Ger\u00e4te in der N\u00e4he. Die Anfrage f\u00fcr die Berechtigungen in Network Traders sieht folgenderma\u00dfen aus: Falls Du diese &hellip; <a href=\"https:\/\/www.bellingo.de\/blog\/app-berechtigungen-fuer-network-traders\/\" class=\"more-link\"><span class=\"screen-reader-text\">App-Berechtigungen f\u00fcr Network Traders<\/span> weiterlesen<\/a><\/p>\n","protected":false},"author":1,"featured_media":0,"parent":0,"menu_order":0,"comment_status":"closed","ping_status":"closed","template":"","meta":{"footnotes":""},"class_list":["post-917","page","type-page","status-publish","hentry"],"yoast_head":"<!-- This site is optimized with the Yoast SEO plugin v25.8 - https:\/\/yoast.com\/wordpress\/plugins\/seo\/ -->\n<title>App-Berechtigungen f\u00fcr Network Traders - Games:Tech:Blog<\/title>\n<meta name=\"description\" content=\"Dieser Artikel beschreibt, wie man die zum Spielen von Network Traders notwendigen App-Berechtigungen unter Android 12 und h\u00f6her erteilt.\" \/>\n<meta name=\"robots\" content=\"index, follow, max-snippet:-1, max-image-preview:large, max-video-preview:-1\" \/>\n<link rel=\"canonical\" href=\"https:\/\/www.bellingo.de\/blog\/app-berechtigungen-fuer-network-traders\/\" \/>\n<meta property=\"og:locale\" content=\"de_DE\" \/>\n<meta property=\"og:type\" content=\"article\" \/>\n<meta property=\"og:title\" content=\"App-Berechtigungen f\u00fcr Network Traders - Games:Tech:Blog\" \/>\n<meta property=\"og:description\" content=\"Dieser Artikel beschreibt, wie man die zum Spielen von Network Traders notwendigen App-Berechtigungen unter Android 12 und h\u00f6her erteilt.\" \/>\n<meta property=\"og:url\" content=\"https:\/\/www.bellingo.de\/blog\/app-berechtigungen-fuer-network-traders\/\" \/>\n<meta property=\"og:site_name\" content=\"Games:Tech:Blog\" \/>\n<meta property=\"og:image\" content=\"https:\/\/www.bellingo.de\/blog\/wp-content\/uploads\/2023\/02\/Permissions-Connection_de-461x1024.png\" \/>\n<meta name=\"twitter:card\" content=\"summary_large_image\" \/>\n<meta name=\"twitter:label1\" content=\"Gesch\u00e4tzte Lesezeit\" \/>\n\t<meta name=\"twitter:data1\" content=\"3\u00a0Minuten\" \/>\n<script type=\"application\/ld+json\" class=\"yoast-schema-graph\">{\"@context\":\"https:\/\/schema.org\",\"@graph\":[{\"@type\":\"WebPage\",\"@id\":\"https:\/\/www.bellingo.de\/blog\/app-berechtigungen-fuer-network-traders\/\",\"url\":\"https:\/\/www.bellingo.de\/blog\/app-berechtigungen-fuer-network-traders\/\",\"name\":\"App-Berechtigungen f\u00fcr Network Traders - Games:Tech:Blog\",\"isPartOf\":{\"@id\":\"https:\/\/www.bellingo.de\/blog\/#website\"},\"primaryImageOfPage\":{\"@id\":\"https:\/\/www.bellingo.de\/blog\/app-berechtigungen-fuer-network-traders\/#primaryimage\"},\"image\":{\"@id\":\"https:\/\/www.bellingo.de\/blog\/app-berechtigungen-fuer-network-traders\/#primaryimage\"},\"thumbnailUrl\":\"https:\/\/www.bellingo.de\/blog\/wp-content\/uploads\/2023\/02\/Permissions-Connection_de-461x1024.png\",\"datePublished\":\"2023-02-07T22:12:03+00:00\",\"description\":\"Dieser Artikel beschreibt, wie man die zum Spielen von Network Traders notwendigen App-Berechtigungen unter Android 12 und h\u00f6her erteilt.\",\"breadcrumb\":{\"@id\":\"https:\/\/www.bellingo.de\/blog\/app-berechtigungen-fuer-network-traders\/#breadcrumb\"},\"inLanguage\":\"de\",\"potentialAction\":[{\"@type\":\"ReadAction\",\"target\":[\"https:\/\/www.bellingo.de\/blog\/app-berechtigungen-fuer-network-traders\/\"]}]},{\"@type\":\"ImageObject\",\"inLanguage\":\"de\",\"@id\":\"https:\/\/www.bellingo.de\/blog\/app-berechtigungen-fuer-network-traders\/#primaryimage\",\"url\":\"https:\/\/www.bellingo.de\/blog\/wp-content\/uploads\/2023\/02\/Permissions-Connection_de.png\",\"contentUrl\":\"https:\/\/www.bellingo.de\/blog\/wp-content\/uploads\/2023\/02\/Permissions-Connection_de.png\",\"width\":1080,\"height\":2400},{\"@type\":\"BreadcrumbList\",\"@id\":\"https:\/\/www.bellingo.de\/blog\/app-berechtigungen-fuer-network-traders\/#breadcrumb\",\"itemListElement\":[{\"@type\":\"ListItem\",\"position\":1,\"name\":\"Home\",\"item\":\"https:\/\/www.bellingo.de\/blog\/\"},{\"@type\":\"ListItem\",\"position\":2,\"name\":\"App-Berechtigungen f\u00fcr Network Traders\"}]},{\"@type\":\"WebSite\",\"@id\":\"https:\/\/www.bellingo.de\/blog\/#website\",\"url\":\"https:\/\/www.bellingo.de\/blog\/\",\"name\":\"Games:Tech:Blog\",\"description\":\"A Blog about Games, Technology in Games, and Technology in General\",\"publisher\":{\"@id\":\"https:\/\/www.bellingo.de\/blog\/#\/schema\/person\/82498f8ac21d11f5948cab6d0a9807e9\"},\"potentialAction\":[{\"@type\":\"SearchAction\",\"target\":{\"@type\":\"EntryPoint\",\"urlTemplate\":\"https:\/\/www.bellingo.de\/blog\/?s={search_term_string}\"},\"query-input\":{\"@type\":\"PropertyValueSpecification\",\"valueRequired\":true,\"valueName\":\"search_term_string\"}}],\"inLanguage\":\"de\"},{\"@type\":[\"Person\",\"Organization\"],\"@id\":\"https:\/\/www.bellingo.de\/blog\/#\/schema\/person\/82498f8ac21d11f5948cab6d0a9807e9\",\"name\":\"Ingo\",\"image\":{\"@type\":\"ImageObject\",\"inLanguage\":\"de\",\"@id\":\"https:\/\/www.bellingo.de\/blog\/#\/schema\/person\/image\/\",\"url\":\"https:\/\/secure.gravatar.com\/avatar\/93a4b9881ee1983f4fafc7e996ce82a42c3a1540c18f7417809c08a19658f167?s=96&d=mm&r=g\",\"contentUrl\":\"https:\/\/secure.gravatar.com\/avatar\/93a4b9881ee1983f4fafc7e996ce82a42c3a1540c18f7417809c08a19658f167?s=96&d=mm&r=g\",\"caption\":\"Ingo\"},\"logo\":{\"@id\":\"https:\/\/www.bellingo.de\/blog\/#\/schema\/person\/image\/\"}}]}<\/script>\n<!-- \/ Yoast SEO plugin. -->","yoast_head_json":{"title":"App-Berechtigungen f\u00fcr Network Traders - Games:Tech:Blog","description":"Dieser Artikel beschreibt, wie man die zum Spielen von Network Traders notwendigen App-Berechtigungen unter Android 12 und h\u00f6her erteilt.","robots":{"index":"index","follow":"follow","max-snippet":"max-snippet:-1","max-image-preview":"max-image-preview:large","max-video-preview":"max-video-preview:-1"},"canonical":"https:\/\/www.bellingo.de\/blog\/app-berechtigungen-fuer-network-traders\/","og_locale":"de_DE","og_type":"article","og_title":"App-Berechtigungen f\u00fcr Network Traders - Games:Tech:Blog","og_description":"Dieser Artikel beschreibt, wie man die zum Spielen von Network Traders notwendigen App-Berechtigungen unter Android 12 und h\u00f6her erteilt.","og_url":"https:\/\/www.bellingo.de\/blog\/app-berechtigungen-fuer-network-traders\/","og_site_name":"Games:Tech:Blog","og_image":[{"url":"https:\/\/www.bellingo.de\/blog\/wp-content\/uploads\/2023\/02\/Permissions-Connection_de-461x1024.png","type":"","width":"","height":""}],"twitter_card":"summary_large_image","twitter_misc":{"Gesch\u00e4tzte Lesezeit":"3\u00a0Minuten"},"schema":{"@context":"https:\/\/schema.org","@graph":[{"@type":"WebPage","@id":"https:\/\/www.bellingo.de\/blog\/app-berechtigungen-fuer-network-traders\/","url":"https:\/\/www.bellingo.de\/blog\/app-berechtigungen-fuer-network-traders\/","name":"App-Berechtigungen f\u00fcr Network Traders - Games:Tech:Blog","isPartOf":{"@id":"https:\/\/www.bellingo.de\/blog\/#website"},"primaryImageOfPage":{"@id":"https:\/\/www.bellingo.de\/blog\/app-berechtigungen-fuer-network-traders\/#primaryimage"},"image":{"@id":"https:\/\/www.bellingo.de\/blog\/app-berechtigungen-fuer-network-traders\/#primaryimage"},"thumbnailUrl":"https:\/\/www.bellingo.de\/blog\/wp-content\/uploads\/2023\/02\/Permissions-Connection_de-461x1024.png","datePublished":"2023-02-07T22:12:03+00:00","description":"Dieser Artikel beschreibt, wie man die zum Spielen von Network Traders notwendigen App-Berechtigungen unter Android 12 und h\u00f6her erteilt.","breadcrumb":{"@id":"https:\/\/www.bellingo.de\/blog\/app-berechtigungen-fuer-network-traders\/#breadcrumb"},"inLanguage":"de","potentialAction":[{"@type":"ReadAction","target":["https:\/\/www.bellingo.de\/blog\/app-berechtigungen-fuer-network-traders\/"]}]},{"@type":"ImageObject","inLanguage":"de","@id":"https:\/\/www.bellingo.de\/blog\/app-berechtigungen-fuer-network-traders\/#primaryimage","url":"https:\/\/www.bellingo.de\/blog\/wp-content\/uploads\/2023\/02\/Permissions-Connection_de.png","contentUrl":"https:\/\/www.bellingo.de\/blog\/wp-content\/uploads\/2023\/02\/Permissions-Connection_de.png","width":1080,"height":2400},{"@type":"BreadcrumbList","@id":"https:\/\/www.bellingo.de\/blog\/app-berechtigungen-fuer-network-traders\/#breadcrumb","itemListElement":[{"@type":"ListItem","position":1,"name":"Home","item":"https:\/\/www.bellingo.de\/blog\/"},{"@type":"ListItem","position":2,"name":"App-Berechtigungen f\u00fcr Network Traders"}]},{"@type":"WebSite","@id":"https:\/\/www.bellingo.de\/blog\/#website","url":"https:\/\/www.bellingo.de\/blog\/","name":"Games:Tech:Blog","description":"A Blog about Games, Technology in Games, and Technology in General","publisher":{"@id":"https:\/\/www.bellingo.de\/blog\/#\/schema\/person\/82498f8ac21d11f5948cab6d0a9807e9"},"potentialAction":[{"@type":"SearchAction","target":{"@type":"EntryPoint","urlTemplate":"https:\/\/www.bellingo.de\/blog\/?s={search_term_string}"},"query-input":{"@type":"PropertyValueSpecification","valueRequired":true,"valueName":"search_term_string"}}],"inLanguage":"de"},{"@type":["Person","Organization"],"@id":"https:\/\/www.bellingo.de\/blog\/#\/schema\/person\/82498f8ac21d11f5948cab6d0a9807e9","name":"Ingo","image":{"@type":"ImageObject","inLanguage":"de","@id":"https:\/\/www.bellingo.de\/blog\/#\/schema\/person\/image\/","url":"https:\/\/secure.gravatar.com\/avatar\/93a4b9881ee1983f4fafc7e996ce82a42c3a1540c18f7417809c08a19658f167?s=96&d=mm&r=g","contentUrl":"https:\/\/secure.gravatar.com\/avatar\/93a4b9881ee1983f4fafc7e996ce82a42c3a1540c18f7417809c08a19658f167?s=96&d=mm&r=g","caption":"Ingo"},"logo":{"@id":"https:\/\/www.bellingo.de\/blog\/#\/schema\/person\/image\/"}}]}},"_links":{"self":[{"href":"https:\/\/www.bellingo.de\/blog\/wp-json\/wp\/v2\/pages\/917","targetHints":{"allow":["GET"]}}],"collection":[{"href":"https:\/\/www.bellingo.de\/blog\/wp-json\/wp\/v2\/pages"}],"about":[{"href":"https:\/\/www.bellingo.de\/blog\/wp-json\/wp\/v2\/types\/page"}],"author":[{"embeddable":true,"href":"https:\/\/www.bellingo.de\/blog\/wp-json\/wp\/v2\/users\/1"}],"replies":[{"embeddable":true,"href":"https:\/\/www.bellingo.de\/blog\/wp-json\/wp\/v2\/comments?post=917"}],"version-history":[{"count":1,"href":"https:\/\/www.bellingo.de\/blog\/wp-json\/wp\/v2\/pages\/917\/revisions"}],"predecessor-version":[{"id":925,"href":"https:\/\/www.bellingo.de\/blog\/wp-json\/wp\/v2\/pages\/917\/revisions\/925"}],"wp:attachment":[{"href":"https:\/\/www.bellingo.de\/blog\/wp-json\/wp\/v2\/media?parent=917"}],"curies":[{"name":"wp","href":"https:\/\/api.w.org\/{rel}","templated":true}]}}